{"id":2408,"date":"2026-01-07T14:05:39","date_gmt":"2026-01-07T14:05:39","guid":{"rendered":"https:\/\/rentacarvenezia.it\/?page_id=2408"},"modified":"2026-01-09T10:25:45","modified_gmt":"2026-01-09T10:25:45","slug":"inchirieri-auto-treviso-venezia","status":"publish","type":"page","link":"https:\/\/rentacarvenezia.it\/ro\/","title":{"rendered":"Auto \u0219i Pre\u021buri"},"content":{"rendered":"<p><strong>Pe aceast\u0103 pagin\u0103 poti reserva un automobil in chirie la <a href=\"https:\/\/www.trevisoairport.it\/it_it\/\">Aeroportul Treviso<\/a> \u0219i <a href=\"https:\/\/maps.app.goo.gl\/j8PgXABG4nr2ZZDJ7\">Venezia Airport<\/a>; pute\u021bi face o rezervare on line sau pute\u021bi contacta telefonic operatorul nostru. Plata se face la primirea ma\u0219inii. <a href=\"https:\/\/rentacarvenezia.it\/ro\/locuri-de-vizitat\/\">\u00cenchiriaz\u0103 o ma\u0219in\u0103 \u00een Italia <\/a>\u00a0\u00een doar 30 de secunde cu dou\u0103 clicuri, f\u0103r\u0103 plat\u0103 \u00een avans \u0219i f\u0103r\u0103 card de credit. Daca aveti intrebari va rugam sa ne contactati pe WhatsApp sau telefon.\u00a0<\/strong><\/p>\n","protected":false},"excerpt":{"rendered":"<p>Pe aceast\u0103 pagin\u0103 poti reserva un automobil in chirie la Aeroportul Treviso \u0219i Venezia Airport; pute\u021bi face o rezervare on line sau pute\u021bi contacta telefonic operatorul nostru. Plata se face la primirea ma\u0219inii. \u00cenchiriaz\u0103 o ma\u0219in\u0103 \u00een Italia \u00a0\u00een doar 30 de secunde cu dou\u0103 clicuri, f\u0103r\u0103 plat\u0103 \u00een avans \u0219i f\u0103r\u0103 card de credit. [&hellip;]<\/p>\n","protected":false},"author":1,"featured_media":0,"parent":0,"menu_order":0,"comment_status":"closed","ping_status":"closed","template":"template-homepage.php","meta":{"_acf_changed":false,"footnotes":""},"class_list":["post-2408","page","type-page","status-publish","hentry"],"acf":[],"_links":{"self":[{"href":"https:\/\/rentacarvenezia.it\/ro\/wp-json\/wp\/v2\/pages\/2408\/"}],"collection":[{"href":"https:\/\/rentacarvenezia.it\/ro\/wp-json\/wp\/v2\/pages\/"}],"about":[{"href":"https:\/\/rentacarvenezia.it\/ro\/wp-json\/wp\/v2\/types\/page\/"}],"author":[{"embeddable":true,"href":"https:\/\/rentacarvenezia.it\/ro\/wp-json\/wp\/v2\/users\/1\/"}],"replies":[{"embeddable":true,"href":"https:\/\/rentacarvenezia.it\/ro\/wp-json\/wp\/v2\/comments\/?post=2408"}],"version-history":[{"count":67,"href":"https:\/\/rentacarvenezia.it\/ro\/wp-json\/wp\/v2\/pages\/2408\/revisions\/"}],"predecessor-version":[{"id":4771,"href":"https:\/\/rentacarvenezia.it\/ro\/wp-json\/wp\/v2\/pages\/2408\/revisions\/4771\/"}],"wp:attachment":[{"href":"https:\/\/rentacarvenezia.it\/ro\/wp-json\/wp\/v2\/media\/?parent=2408"}],"curies":[{"name":"wp","href":"https:\/\/api.w.org\/{rel}","templated":true}]}}