{"id":2426,"date":"2026-01-08T11:18:30","date_gmt":"2026-01-08T11:18:30","guid":{"rendered":"https:\/\/rentacarvenezia.it\/?page_id=2426"},"modified":"2026-01-09T10:27:22","modified_gmt":"2026-01-09T10:27:22","slug":"contacte-si-asistenta","status":"publish","type":"page","link":"https:\/\/rentacarvenezia.it\/ro\/contacte-si-asistenta\/","title":{"rendered":"Contacte"},"content":{"rendered":"<div class=\"elementor-element elementor-element-94099e3 e-flex e-con-boxed e-con e-parent\" data-id=\"94099e3\" data-element_type=\"container\" data-settings=\"{&quot;content_width&quot;:&quot;boxed&quot;}\" data-core-v316-plus=\"true\">\n<div class=\"e-con-inner\">\n<div class=\"elementor-element elementor-element-e9443ad elementor-widget elementor-widget-heading\" data-id=\"e9443ad\" data-element_type=\"widget\" data-widget_type=\"heading.default\">\n<div class=\"elementor-widget-container\">\n<h3>CONTACTE \u0218I ASISTEN\u021a\u0102 <img loading=\"lazy\" decoding=\"async\" class=\"alignnone wp-image-3681\" src=\"https:\/\/rentacarvenezia.it\/wp-content\/uploads\/2024\/03\/pngimg.com-phone_PNG48931.jpg\" alt=\"\u00cenchirierea unui Automobil\" width=\"27\" height=\"27\" srcset=\"https:\/\/rentacarvenezia.it\/wp-content\/uploads\/2024\/03\/pngimg.com-phone_PNG48931.jpg 300w, https:\/\/rentacarvenezia.it\/wp-content\/uploads\/2024\/03\/pngimg.com-phone_PNG48931-150x150.jpg 150w\" sizes=\"auto, (max-width: 27px) 100vw, 27px\" \/><\/h3>\n<p><a href=\"https:\/\/rentacarvenezia.it\/ro\/\">Rezerv\u0103<\/a> prin telefon sau sun\u0103 la num\u0103rul pentru \u00cenchirierea unui Automobil.<\/p>\n<p>Tel.<a href=\"https:\/\/wa.me\/393445068823\">+39 344 506 8823<\/a>\u00a0 \u00a0 \u00a0Also call on Whatsapp<\/p>\n<p>&nbsp;<\/p>\n<h3><strong>E-mail<\/strong><\/h3>\n<p><a href=\"mailto:info@rentacarvenezia.it\">info@rentacarvenezia.it<\/a><\/p>\n<p>&nbsp;<\/p>\n<h3>Aeroportul Vene\u021bia<\/h3>\n<p>Aeroport, Viale Galileo Galilei, 30\/1, 30173 Venice VE, Italia<\/p>\n<p>&nbsp;<\/p>\n<h3>Aeroportul Treviso<\/h3>\n<p>Via Le Canevare,30, 31100 Treviso TV, Italia Aeroportul Treviso<\/p>\n<p>&nbsp;<\/p>\n<h3>Program de lucru<\/h3>\n<p>Lucr\u0103m de luni p\u00e2n\u0103 vineri, \u00eentre orele 08:00 \u0219i 17:00.<\/p>\n<p>Comenzi online<br \/>\nPute\u021bi plasa comenzi 24\/7 direct pe site-ul nostru, f\u0103r\u0103 restric\u021bii de timp.<\/p>\n<p>&nbsp;<\/p>\n<p>Asisten\u021b\u0103 clien\u021bi<br \/>\nOferim asisten\u021b\u0103 non-stop.<br \/>\n\u00cen caz de urgen\u021b\u0103, ne pute\u021bi contacta oric\u00e2nd, 24\/7.<\/p>\n<p>&nbsp;<\/p>\n<h3>ASISTENTA RUTIERA<\/h3>\n<p>+39 344 506 8823\u00a0DESCHIS 24\/7<\/p>\n<\/div>\n<\/div>\n<\/div>\n<\/div>\n<section class=\"elementor-section elementor-top-section elementor-element elementor-element-3832ed3 elementor-section-boxed elementor-section-height-default elementor-section-height-default\" data-id=\"3832ed3\" data-element_type=\"section\">\n<div class=\"elementor-container elementor-column-gap-no\">\n<div class=\"elementor-column elementor-col-100 elementor-top-column elementor-element elementor-element-b91e326\" data-id=\"b91e326\" data-element_type=\"column\">\n<div class=\"elementor-widget-wrap elementor-element-populated\">\n<section class=\"elementor-section elementor-inner-section elementor-element elementor-element-2079c79 elementor-section-full_width elementor-section-height-default elementor-section-height-default\" data-id=\"2079c79\" data-element_type=\"section\">\n<div class=\"elementor-container elementor-column-gap-no\">\n<div class=\"elementor-column elementor-col-33 elementor-inner-column elementor-element elementor-element-e71d9eb\" data-id=\"e71d9eb\" data-element_type=\"column\">\n<div class=\"elementor-widget-wrap elementor-element-populated\">\n<div class=\"elementor-element elementor-element-1cc6337 e-grid-align-left elementor-shape-rounded elementor-grid-0 elementor-widget elementor-widget-social-icons\" data-id=\"1cc6337\" data-element_type=\"widget\" data-widget_type=\"social-icons.default\">\n<div class=\"elementor-widget-container\">\n<div class=\"elementor-social-icons-wrapper elementor-grid\"><span class=\"elementor-grid-item\"><a class=\"elementor-icon elementor-social-icon elementor-social-icon-facebook elementor-repeater-item-2d89f54\" href=\"https:\/\/www.facebook.com\/CarhireVeniceAirport\/\" target=\"_blank\" rel=\"noopener\"><span class=\"elementor-screen-only\">Facebook<\/span><\/a><\/span>\u00a0<span class=\"elementor-grid-item\"><a class=\"elementor-icon elementor-social-icon elementor-social-icon-youtube elementor-repeater-item-b7139b9\" href=\"https:\/\/www.youtube.com\/@RentacarVenezia\" target=\"_blank\" rel=\"noopener\"><span class=\"elementor-screen-only\">Youtube<\/span><\/a><\/span>\u00a0<span class=\"elementor-grid-item\"><a class=\"elementor-icon elementor-social-icon elementor-social-icon-instagram elementor-repeater-item-ee247b9\" href=\"https:\/\/www.instagram.com\/rent_a_car_venice_airport\/\" target=\"_blank\" rel=\"noopener\"><span class=\"elementor-screen-only\">Instagram<\/span><\/a><\/span>\u00a0<span class=\"elementor-grid-item\"><a class=\"elementor-icon elementor-social-icon elementor-social-icon-google elementor-repeater-item-0173e1d\" href=\"https:\/\/maps.app.goo.gl\/cR3FTsp8f8kG2WTZ8\" target=\"_blank\" rel=\"noopener\"><span class=\"elementor-screen-only\">Google<\/span><\/a><\/span><\/div>\n<\/div>\n<\/div>\n<\/div>\n<\/div>\n<div class=\"elementor-column elementor-col-66 elementor-inner-column elementor-element elementor-element-8d81f21\" data-id=\"8d81f21\" data-element_type=\"column\">\n<div class=\"elementor-widget-wrap elementor-element-populated\">\n<div class=\"elementor-element elementor-element-c935abd elementor-widget elementor-widget-html\" data-id=\"c935abd\" data-element_type=\"widget\" data-widget_type=\"html.default\">\n<div class=\"elementor-widget-container\"><iframe loading=\"lazy\" src=\"https:\/\/www.google.com\/maps\/embed?pb=!1m14!1m8!1m3!1d20457.28192862844!2d12.19255612488825!3d45.65879574475823!3m2!1i1024!2i768!4f13.1!3m3!1m2!1s0x47793795130b81ff%3A0xa0c0e4422990028f!2sRent%20a%20car%20Treviso%20Airport!5e0!3m2!1sen!2s!4v1707401194623!5m2!1sen!2s\" width=\"600\" height=\"450\" allowfullscreen=\"allowfullscreen\" data-mce-fragment=\"1\"><\/iframe><\/div>\n<\/div>\n<div class=\"elementor-element elementor-element-2e91bb1 elementor-widget elementor-widget-html\" data-id=\"2e91bb1\" data-element_type=\"widget\" data-widget_type=\"html.default\">\n<div class=\"elementor-widget-container\"><iframe loading=\"lazy\" src=\"https:\/\/www.google.com\/maps\/embed?pb=!1m18!1m12!1m3!1d30734.031693454555!2d12.332883289976438!3d45.50744576446921!2m3!1f0!2f0!3f0!3m2!1i1024!2i768!4f13.1!3m3!1m2!1s0x4779354dc4b50b81%3A0x23f1327198624899!2sVenice%20Marco%20Polo%20Airport!5e0!3m2!1sen!2s!4v1707401206233!5m2!1sen!2s\" width=\"600\" height=\"450\" allowfullscreen=\"allowfullscreen\" data-mce-fragment=\"1\"><\/iframe><\/div>\n<\/div>\n<\/div>\n<\/div>\n<\/div>\n<\/section>\n<\/div>\n<\/div>\n<\/div>\n<\/section>\n<div class=\"elementor-element elementor-element-280a47e e-flex e-con-boxed e-con e-parent\" data-id=\"280a47e\" data-element_type=\"container\" data-settings=\"{&quot;content_width&quot;:&quot;boxed&quot;}\" data-core-v316-plus=\"true\">\n<div class=\"e-con-inner\">\n<div class=\"elementor-element elementor-element-37e76a6 elementor-widget elementor-widget-heading\" data-id=\"37e76a6\" data-element_type=\"widget\" data-widget_type=\"heading.default\">\n<div class=\"elementor-widget-container\">\n<h4>CONTACTEAZ\u0102-NE ORIC\u00c2ND.<\/h4>\n<p>Salut c\u0103l\u0103tori, sunteti \u00een c\u0103utarea unei experien\u021be de masini in chirie aeroport Treviso si Venezia<\/p>\n<p>Suntem con\u0219tien\u021bi c\u0103 procesul de contactare a unei companii de masini in chirie Aeroport poate fi crucial pentru a v\u0103 asigura c\u0103 aventura dumneavoastr\u0103 pe patru ro\u021bi va fi una perfect\u0103. La Compania noastr\u0103 de inchirieri auto Treviso, si Venezia dorim s\u0103 v\u0103 facem aceast\u0103 c\u0103l\u0103torie c\u00e2t mai u\u0219oar\u0103 \u0219i pl\u0103cut\u0103 posibil.<\/p>\n<h4>\ud83d\udcde **1. Contact Rapid \u0219i U\u0219or:**<\/h4>\n<p>Suntem aici pentru dumneavoastr\u0103! Apela\u021bi-ne direct sau trimite\u021bi-ne un e-mail, iar echipa noastr\u0103 prietenoas\u0103 \u0219i profesionist\u0103 va r\u0103spunde prompt la toate \u00eentreb\u0103rile dumneavoastr\u0103.<\/p>\n<h4>\ud83e\udd1d **2. Consiliere Personalizat\u0103:**<\/h4>\n<p>Oricare ar fi necesit\u0103\u021bile dumneavoastr\u0103, suntem aici s\u0103 v\u0103 ajut\u0103m s\u0103 g\u0103si\u021bi cea mai potrivit\u0103 op\u021biune de \u00eenchiriere. De la dimensiuni de ma\u0219ini p\u00e2n\u0103 la planuri de tarife, suntem preg\u0103ti\u021bi s\u0103 v\u0103 oferim consiliere personalizat\u0103.<\/p>\n<h4>\ud83d\udcc6 **3. Rezervare Simpl\u0103:**<\/h4>\n<p>Procesul nostru de rezervare este simplu \u0219i eficient. Pute\u021bi rezerva online sau telefonic, iar confirmarea rezerv\u0103rii dumneavoastr\u0103 va ajunge rapid. Suntem aici pentru a v\u0103 oferi lini\u0219tea necesar\u0103 pentru c\u0103l\u0103toria dumneavoastr\u0103.<\/p>\n<h4>\ud83d\udd27 **4. Asisten\u021b\u0103 Continu\u0103:**<\/h4>\n<p>Odat\u0103 ce sunte\u021bi pe drum, nu sunte\u021bi singur. Asisten\u021ba noastr\u0103 rutier\u0103 \u0219i contractual\u0103 este disponibil\u0103 24\/7, astfel \u00eenc\u00e2t s\u0103 v\u0103 pute\u021bi bucura de c\u0103l\u0103torie f\u0103r\u0103 griji. Suntem doar un apel distan\u021b\u0103.<\/p>\n<h4>\ud83c\udf1f **5. Experien\u021ba Dumneavoastr\u0103 Conteaz\u0103:**<\/h4>\n<p>Feedback-ul dumneavoastr\u0103 este valoros pentru noi. Suntem aici s\u0103 ascult\u0103m \u0219i s\u0103 \u00eenv\u0103\u021b\u0103m cum s\u0103 v\u0103 oferim mereu o experien\u021b\u0103 de \u00eenchiriere auto \u00eembun\u0103t\u0103\u021bit\u0103.<\/p>\n<p>La Compania noastr\u0103 de inchirieri auto Treviso, ne m\u00e2ndrim cu transparen\u021ba, auto nou in chirie Treviso, serviciile de \u00eenalt\u0103 calitate \u0219i echipa dedicat\u0103. Suntem aici pentru a face din fiecare c\u0103l\u0103torie cu ma\u0219ina noastr\u0103 o experien\u021b\u0103 de neuitat!<\/p>\n<p>A\u0219tept\u0103m cu ner\u0103bdare s\u0103 v\u0103 fim de ajutor \u00een urm\u0103toarea dumneavoastr\u0103 aventur\u0103 cu Chirie automobile Treviso! \ud83d\ude97\ud83d\udcbc\u2728<\/p>\n<h4><strong>Dragi clien\u021bi ai Companiei de Rent a Car Treviso, oferim asistenta stradala Gratis\u00a0<\/strong><\/h4>\n<p>Suntem \u00eenc\u00e2nta\u021bi s\u0103 v\u0103 aducem la cuno\u0219tin\u021b\u0103 o veste excelent\u0103! \u00cencep\u00e2nd de acum, asisten\u021ba rutier\u0103 \u0219i contractual\u0103 este oferit\u0103 gratuit pentru to\u021bi cei care beneficiaz\u0103 de serviciile noastre de \u00cenchirierea unui Automobil. Este un semn al aprecierii noastre fa\u021b\u0103 de \u00eencrederea dumneavoastr\u0103 \u00een alegerea noastr\u0103.<\/p>\n<p>Echipa noastr\u0103 de speciali\u0219ti profesioni\u0219ti este mereu la dispozi\u021bia dumneavoastr\u0103, preg\u0103tit\u0103 s\u0103 v\u0103 ofere ajutorul necesar \u00een orice moment. Indiferent de situa\u021bia \u00een care v\u0103 afla\u021bi, suntem aici pentru a v\u0103 asigura c\u0103 c\u0103l\u0103toria dumneavoastr\u0103 cu ma\u0219ina \u00eenchiriat\u0103 de la noi este una f\u0103r\u0103 griji \u0219i pl\u0103cut\u0103.<\/p>\n<p>La Compania de Chirie automobile Treviso, punem mereu accent pe satisfac\u021bia clien\u021bilor no\u0219tri, \u0219i aceast\u0103 ofert\u0103 de asisten\u021b\u0103 gratuit\u0103 este doar unul dintre modurile noastre de a v\u0103 mul\u021bumi pentru alegerea f\u0103cut\u0103. Ne dorim s\u0103 v\u0103 oferim o experien\u021b\u0103 de \u00eenchiriere auto f\u0103r\u0103 griji \u0219i s\u0103 v\u0103 facem s\u0103 v\u0103 sim\u021bi\u021bi \u00een siguran\u021b\u0103 pe drumurile pe care le parcurge\u021bi.<\/p>\n<p>V\u0103 mul\u021bumim pentru alegerea f\u0103cut\u0103 \u0219i suntem ner\u0103bd\u0103tori s\u0103 v\u0103 oferim servicii de calitate superioar\u0103 \u00een continuare. Nu ezita\u021bi s\u0103 ne contacta\u021bi pentru a arenda auto nou in chirie Treviso, orice \u00eentrebare sau asisten\u021b\u0103 suplimentar\u0103 o puteti primi la telefon.<\/p>\n<p>&nbsp;<\/p>\n<p>&nbsp;<\/p>\n<p>V\u0103 rug\u0103m s\u0103 re\u021bine\u021bi c\u0103 toate informa\u021biile \u0219i fotografiile publicate pe site-ul nostru au caracter ilustrativ \u0219i indicativ. Pentru orice informa\u021bii concrete sau specifice, v\u0103 rug\u0103m s\u0103 ne contacta\u021bi direct prin email sau telefo<\/p>\n<p>&nbsp;<\/p>\n<p>Cu stim\u0103,<br \/>\nEchipa Companiei de Rent a Car Treviso Venezia.<\/p>\n<p>&nbsp;<\/p>\n<\/div>\n<\/div>\n<\/div>\n<\/div>\n","protected":false},"excerpt":{"rendered":"<p>CONTACTE \u0218I ASISTEN\u021a\u0102 Rezerv\u0103 prin telefon sau sun\u0103 la num\u0103rul pentru \u00cenchirierea unui Automobil. Tel.+39 344 506 8823\u00a0 \u00a0 \u00a0Also call on Whatsapp &nbsp; E-mail info@rentacarvenezia.it &nbsp; Aeroportul Vene\u021bia Aeroport, Viale Galileo Galilei, 30\/1, 30173 Venice VE, Italia &nbsp; Aeroportul Treviso Via Le Canevare,30, 31100 Treviso TV, Italia Aeroportul Treviso &nbsp; Program de lucru Lucr\u0103m [&hellip;]<\/p>\n","protected":false},"author":1,"featured_media":0,"parent":0,"menu_order":0,"comment_status":"closed","ping_status":"closed","template":"","meta":{"_acf_changed":false,"footnotes":""},"class_list":["post-2426","page","type-page","status-publish","hentry"],"acf":[],"_links":{"self":[{"href":"https:\/\/rentacarvenezia.it\/ro\/wp-json\/wp\/v2\/pages\/2426\/"}],"collection":[{"href":"https:\/\/rentacarvenezia.it\/ro\/wp-json\/wp\/v2\/pages\/"}],"about":[{"href":"https:\/\/rentacarvenezia.it\/ro\/wp-json\/wp\/v2\/types\/page\/"}],"author":[{"embeddable":true,"href":"https:\/\/rentacarvenezia.it\/ro\/wp-json\/wp\/v2\/users\/1\/"}],"replies":[{"embeddable":true,"href":"https:\/\/rentacarvenezia.it\/ro\/wp-json\/wp\/v2\/comments\/?post=2426"}],"version-history":[{"count":67,"href":"https:\/\/rentacarvenezia.it\/ro\/wp-json\/wp\/v2\/pages\/2426\/revisions\/"}],"predecessor-version":[{"id":4926,"href":"https:\/\/rentacarvenezia.it\/ro\/wp-json\/wp\/v2\/pages\/2426\/revisions\/4926\/"}],"wp:attachment":[{"href":"https:\/\/rentacarvenezia.it\/ro\/wp-json\/wp\/v2\/media\/?parent=2426"}],"curies":[{"name":"wp","href":"https:\/\/api.w.org\/{rel}","templated":true}]}}